{"id":516,"date":"2022-02-23T20:05:47","date_gmt":"2022-02-23T19:05:47","guid":{"rendered":"https:\/\/wp-support.one\/?page_id=516"},"modified":"2024-10-08T11:54:49","modified_gmt":"2024-10-08T09:54:49","slug":"wsparcie-wordpress","status":"publish","type":"page","link":"https:\/\/wp-support.one\/pl\/","title":{"rendered":"Wsparcie WordPress"},"content":{"rendered":"\n<p><style>\/*! elementor - v3.17.0 - 01-11-2023 *\/<br \/>\n.elementor-heading-title{padding:0;margin:0;line-height:1}.elementor-widget-heading .elementor-heading-title[class*=elementor-size-]>a{color:inherit;font-size:inherit;line-height:inherit}.elementor-widget-heading .elementor-heading-title.elementor-size-small{font-size:15px}.elementor-widget-heading .elementor-heading-title.elementor-size-medium{font-size:19px}.elementor-widget-heading .elementor-heading-title.elementor-size-large{font-size:29px}.elementor-widget-heading .elementor-heading-title.elementor-size-xl{font-size:39px}.elementor-widget-heading .elementor-heading-title.elementor-size-xxl{font-size:59px}<\/style><\/p>\n\n\n\n<div class=\"wp-block-columns alignfull are-vertically-aligned-center has-background is-layout-flex wp-container-core-columns-is-layout-01ca06ff wp-block-columns-is-layout-flex\" style=\"background-color:#004f78;padding-top:100px;padding-bottom:100px\">\n<div class=\"wp-block-column is-vertically-aligned-center is-layout-flow wp-block-column-is-layout-flow\">\n<h1 class=\"wp-block-heading has-text-align-center has-palette-color-8-color has-text-color has-link-color wp-elements-c49793b6dc4526790c60b32df17108a7\" style=\"font-size:clamp(2.629em, 2.629rem + ((1vw - 0.2em) * 2.964), 5em);\"><a href=\"https:\/\/wp-support.one\/pl\/\">Wsparcie WordPress<\/a><\/h1>\n\n\n\n<p class=\"has-text-align-center has-palette-color-8-color has-text-color has-link-color has-medium-font-size wp-elements-0edb9b94bd55b88fefc3bf7a7dd11db7\">Zoptymalizuj zadania administracyjne, zasoby oraz bud\u017cet za pomoc\u0105 naszych plan\u00f3w i us\u0142ug wsparcia<\/p>\n<\/div>\n<\/div>\n\n\n\n<div class=\"wp-block-columns is-layout-flex wp-container-core-columns-is-layout-28f84493 wp-block-columns-is-layout-flex\">\n<div class=\"wp-block-column is-layout-flow wp-block-column-is-layout-flow\">\n<h2 class=\"wp-block-heading has-text-align-center\">Oszcz\u0119dzaj czas i zyskaj wi\u0119cej mo\u017cliwo\u015bci<\/h2>\n\n\n\n<p class=\"has-text-align-left\">Zbuduj now\u0105 stron\u0119 dla siebie lub swojej firmy. Uruchom sw\u00f3j w\u0142asny sklep internetowy. Wykorzystaj nasz\u0105 wiedz\u0119 i do\u015bwiadczenie, a sam zajmij si\u0119 wy\u0142\u0105cznie tym co sprawia Ci przyjemno\u015b\u0107.&nbsp;<\/p>\n<\/div>\n<\/div>\n\n\n\n<div class=\"wp-block-columns is-layout-flex wp-container-core-columns-is-layout-28f84493 wp-block-columns-is-layout-flex\">\n<div class=\"wp-block-column is-layout-flow wp-block-column-is-layout-flow\" style=\"flex-basis:100%\">\n<div class=\"wp-block-group alignwide is-layout-constrained wp-block-group-is-layout-constrained\">\n<div class=\"wp-block-columns alignwide are-vertically-aligned-center is-layout-flex wp-container-core-columns-is-layout-97c3aadf wp-block-columns-is-layout-flex\" style=\"padding-top:5%;padding-bottom:5%\">\n<div class=\"wp-block-column is-vertically-aligned-center is-layout-flow wp-block-column-is-layout-flow\">\n<figure class=\"wp-block-image aligncenter\"><img decoding=\"async\" src=\"https:\/\/wp-support.one\/pl\/wp-content\/uploads\/sites\/5\/2022\/06\/WordPress-logotype-standard-300x102.png\" alt=\"\"\/><\/figure>\n<\/div>\n\n\n\n<div class=\"wp-block-column is-vertically-aligned-center is-layout-flow wp-block-column-is-layout-flow\">\n<figure class=\"wp-block-image aligncenter\"><img decoding=\"async\" src=\"https:\/\/wp-support.one\/pl\/wp-content\/uploads\/sites\/5\/2022\/06\/woocommerce-logo-color-black@2x-300x69.png\" alt=\"\"\/><\/figure>\n<\/div>\n\n\n\n<div class=\"wp-block-column is-vertically-aligned-center is-layout-flow wp-block-column-is-layout-flow\">\n<figure class=\"wp-block-image aligncenter\"><img decoding=\"async\" src=\"https:\/\/wp-support.one\/pl\/wp-content\/uploads\/sites\/5\/2022\/06\/learndash-logo-300x53.png\" alt=\"\"\/><\/figure>\n<\/div>\n<\/div>\n<\/div>\n<\/div>\n<\/div>\n\n\n\n<div class=\"wp-block-columns is-layout-flex wp-container-core-columns-is-layout-cda854f8 wp-block-columns-is-layout-flex\" style=\"margin-top:var(--wp--preset--spacing--50);margin-bottom:var(--wp--preset--spacing--50);padding-top:50px;padding-right:0;padding-bottom:50px;padding-left:0\">\n<div class=\"wp-block-column is-vertically-aligned-center is-layout-flow wp-block-column-is-layout-flow\" style=\"padding-right:var(--wp--preset--spacing--60);padding-left:var(--wp--preset--spacing--60)\">\n<h2 class=\"wp-block-heading\">Rozwijaj si\u0119<\/h2>\n\n\n\n<p>My zajmiemy si\u0119 <b>pe\u0142n\u0105 administracj\u0105 twojego serwisu<\/b> w zakresie utrzymania go w aktualnym \u015brodowisku oraz wsparcia przy rozbudowie nowych funkcjonalno\u015bci.&nbsp;<\/p>\n\n\n\n<ul class=\"wp-block-list\">\n<li><strong>Regularne aktualizacje i monitorowanie<\/strong><\/li>\n\n\n\n<li><strong>Wsparcie w rozbudowie funkcjonalno\u015bci<\/strong><\/li>\n<\/ul>\n\n\n\n<p>Zajmiemy si\u0119 Tym wszystkim<strong>,<\/strong> dzi\u0119ki czemu Twoja witryna b\u0119dzie zawsze funkcjonalna i bezpieczna.<\/p>\n<\/div>\n\n\n\n<div class=\"wp-block-column is-vertically-aligned-center is-layout-flow wp-block-column-is-layout-flow\">\n<figure class=\"wp-block-image aligncenter size-large has-custom-border\"><img loading=\"lazy\" decoding=\"async\" width=\"1024\" height=\"683\" src=\"https:\/\/wp-support.one\/pl\/wp-content\/uploads\/sites\/5\/2022\/05\/jantine-doornbos-HvYy5SEefC8-unsplash-1024x683.jpg\" alt=\"\" class=\"wp-image-1420\" style=\"border-radius:20px\" srcset=\"https:\/\/wp-support.one\/pl\/wp-content\/uploads\/sites\/5\/2022\/05\/jantine-doornbos-HvYy5SEefC8-unsplash-1024x683.jpg 1024w, https:\/\/wp-support.one\/pl\/wp-content\/uploads\/sites\/5\/2022\/05\/jantine-doornbos-HvYy5SEefC8-unsplash-300x200.jpg 300w, https:\/\/wp-support.one\/pl\/wp-content\/uploads\/sites\/5\/2022\/05\/jantine-doornbos-HvYy5SEefC8-unsplash-768x512.jpg 768w, https:\/\/wp-support.one\/pl\/wp-content\/uploads\/sites\/5\/2022\/05\/jantine-doornbos-HvYy5SEefC8-unsplash-1536x1024.jpg 1536w, https:\/\/wp-support.one\/pl\/wp-content\/uploads\/sites\/5\/2022\/05\/jantine-doornbos-HvYy5SEefC8-unsplash-600x400.jpg 600w, https:\/\/wp-support.one\/pl\/wp-content\/uploads\/sites\/5\/2022\/05\/jantine-doornbos-HvYy5SEefC8-unsplash.jpg 1920w\" sizes=\"auto, (max-width: 1024px) 100vw, 1024px\" \/><\/figure>\n<\/div>\n<\/div>\n\n\n\n<div class=\"wp-block-columns is-layout-flex wp-container-core-columns-is-layout-cda854f8 wp-block-columns-is-layout-flex\" style=\"margin-top:var(--wp--preset--spacing--50);margin-bottom:var(--wp--preset--spacing--50);padding-top:50px;padding-right:0;padding-bottom:50px;padding-left:0\">\n<div class=\"wp-block-column is-vertically-aligned-center is-layout-flow wp-block-column-is-layout-flow\">\n<figure class=\"wp-block-image aligncenter has-custom-border\"><img decoding=\"async\" src=\"https:\/\/wp-support.one\/pl\/wp-content\/uploads\/sites\/5\/2022\/05\/john-schnobrich-FlPc9_VocJ4-unsplash-1024x683.jpg\" alt=\"\" style=\"border-radius:20px\"\/><\/figure>\n<\/div>\n\n\n\n<div class=\"wp-block-column is-vertically-aligned-center is-layout-flow wp-block-column-is-layout-flow\" style=\"padding-right:var(--wp--preset--spacing--60);padding-left:var(--wp--preset--spacing--60)\">\n<h2 class=\"wp-block-heading\">Wzrastaj z nami<\/h2>\n\n\n\n<p>Wdro\u017cymy dla Ciebie <b style=\"letter-spacing: 0px;\">narz\u0119dzia marketingu i monitorowania ruchu, <\/b>doradzimy w zakresie wyszukiwania SEO.&nbsp;<\/p>\n\n\n\n<p>Zintegrujemy Twoje narz\u0119dzia sprzeda\u017cy, aby&nbsp;poszerzy\u0107 grono odbiorc\u00f3w i zwi\u0119kszy\u0107 ruch w Twojej witrynie.<\/p>\n\n\n\n<ul class=\"wp-block-list\">\n<li><strong>Kompleksowe narz\u0119dzia marketingowe i analityczne<\/strong><\/li>\n\n\n\n<li><strong>Profesjonalne doradztwo SEO<\/strong><\/li>\n\n\n\n<li><strong>Integracja narz\u0119dzi sprzeda\u017cowych<\/strong><\/li>\n<\/ul>\n\n\n\n<p>&nbsp;Wszystko po to, aby poprawi\u0107 Twoje wyniki finansowe.<\/p>\n<\/div>\n<\/div>\n\n\n\n<div class=\"wp-block-columns is-layout-flex wp-container-core-columns-is-layout-cda854f8 wp-block-columns-is-layout-flex\" style=\"margin-top:var(--wp--preset--spacing--50);margin-bottom:var(--wp--preset--spacing--50);padding-top:50px;padding-right:0;padding-bottom:50px;padding-left:0\">\n<div class=\"wp-block-column is-vertically-aligned-center is-layout-flow wp-block-column-is-layout-flow\" style=\"padding-right:var(--wp--preset--spacing--60);padding-left:var(--wp--preset--spacing--60)\">\n<h2 class=\"wp-block-heading\">Zadbaj o ochron\u0119<\/h2>\n\n\n\n<p><b>Poprawimy bezpiecze\u0144stwo twojej strony www, <\/b>skonfigurujemy bezpieczn\u0105 ochron\u0119 danych i zadbamy o to aby Twoja witryna dzia\u0142a\u0142a stabilnie.&nbsp;<\/p>\n\n\n\n<p>Je\u015bli Twoja witryna z jakiego\u015b powodu ulegnie awarii, niezw\u0142ocznie przyst\u0105pimy do dzia\u0142ania, aby szybko <b>przywr\u00f3ci\u0107 j\u0105 do stanu online<\/b><\/p>\n<\/div>\n\n\n\n<div class=\"wp-block-column is-vertically-aligned-center is-layout-flow wp-block-column-is-layout-flow\">\n<figure class=\"wp-block-image aligncenter has-custom-border\"><img decoding=\"async\" src=\"https:\/\/wp-support.one\/pl\/wp-content\/uploads\/sites\/5\/2022\/05\/keepcoding-lVF2HLzjopw-unsplash-1024x576.jpg\" alt=\"\" style=\"border-radius:20px\"\/><\/figure>\n<\/div>\n<\/div>\n\n\n\n<div class=\"wp-block-columns is-layout-flex wp-container-core-columns-is-layout-cda854f8 wp-block-columns-is-layout-flex\" style=\"margin-top:var(--wp--preset--spacing--50);margin-bottom:var(--wp--preset--spacing--50);padding-top:50px;padding-right:0;padding-bottom:50px;padding-left:0\">\n<div class=\"wp-block-column is-vertically-aligned-center is-layout-flow wp-block-column-is-layout-flow\">\n<figure class=\"wp-block-image aligncenter has-custom-border\"><img decoding=\"async\" src=\"https:\/\/wp-support.one\/pl\/wp-content\/uploads\/sites\/5\/2022\/05\/priscilla-du-preez-XkKCui44iM0-unsplash-1024x683.jpg\" alt=\"\" style=\"border-radius:20px\"\/><\/figure>\n<\/div>\n\n\n\n<div class=\"wp-block-column is-vertically-aligned-center is-layout-flow wp-block-column-is-layout-flow\" style=\"padding-right:var(--wp--preset--spacing--60);padding-left:var(--wp--preset--spacing--60)\">\n<h2 class=\"wp-block-heading\">Mo\u017cemy Ci pom\u00f3c<\/h2>\n\n\n\n<p>Po\u0142\u0105czmy si\u0142y. Mamy do\u015bwiadczenie, aby pracowa\u0107 jako wsparcie dla Ciebie i Twojego zespo\u0142u. Gwarantujemy Ci bezpiecze\u0144stwo.<\/p>\n<\/div>\n<\/div>\n\n\n\n<h2 class=\"wp-block-heading\">Zacznijmy ju\u017c dzi\u015b!<\/h2>\n\n\n\n<ul class=\"wp-block-list\">\n<li class=\"has-medium-font-size\"><p>Zbuduj now\u0105 stron\u0119 dla siebie lub swojej firmy<\/p><\/li>\n\n\n\n<li class=\"has-medium-font-size\"><p>Uruchom sw\u00f3j w\u0142asny sklep internetowy<\/p><\/li>\n\n\n\n<li class=\"has-medium-font-size\"><p>Zainstaluj narz\u0119dzia analizy<\/p><\/li>\n\n\n\n<li class=\"has-medium-font-size\"><p>Uzyskaj wsparcie w zakresie rozwoju funkcjonalno\u015bci<\/p><\/li>\n\n\n\n<li class=\"has-medium-font-size\"><p>Popraw widoczno\u015b\u0107 strony w wyszukiwarkach, WordPress SEO<\/p><\/li>\n\n\n\n<li class=\"has-medium-font-size\"><p>Napraw b\u0142\u0119dy po infekcjach i atakach na www<\/p><\/li>\n<\/ul>\n\n\n\n<h2 class=\"wp-block-heading\">Nasz pakiet korzy\u015bci:<\/h2>\n\n\n\n<ul class=\"wp-block-list\">\n<li>Aktualizacje serwisu g\u0142\u00f3wnego, wtyczek, rozszerze\u0144, motyw\u00f3w potrzebnych do prawid\u0142owego dzia\u0142ania serwisu www<\/li>\n\n\n\n<li>Uruchomienie dodatkowych wtyczek, rozszerze\u0144, motyw\u00f3w, w tym popularnej wtyczki sklepu WooCommerce, w ramach przeprowadzonych wcze\u015bniej konsultacji niewymagaj\u0105cych dodatkowych prac graficznych oraz programistycznych<\/li>\n\n\n\n<li>Tworzenie bezpiecznej kopii zapasowej utrzymywanej w niezale\u017cnych, zewn\u0119trznych centrach danych<\/li>\n\n\n\n<li>Sugestie SEO dotycz\u0105ce widoczno\u015bci twojego serwisu w wyszukiwarkach<\/li>\n\n\n\n<li>Konsultacje techniczne w zakresie integracji z zewn\u0119trznymi narz\u0119dziami takimi jak: Google Search Console, Google Analytics, p\u0142atno\u015bci on-line, fakturowanie, wysy\u0142ki kurierskie i innymi narz\u0119dziami oferuj\u0105cymi analiz\u0119 oraz rozszerzenie oferowanych funkcjonalno\u015bci i us\u0142ug online<\/li>\n\n\n\n<li>Drobne dodatkowe prace programistyczne lub graficzne, nieprzekraczaj\u0105ce jednej godziny miesi\u0119cznie<\/li>\n<\/ul>\n\n\n\n<h2 class=\"wp-block-heading\">Jeste\u015bmy tutaj, aby Ci pom\u00f3c<\/h2>\n\n\n\n<p>Od prostych pyta\u0144 po z\u0142o\u017cone problemy, nasz zesp\u00f3\u0142 jest tutaj, aby pom\u00f3c Ci w tworzeniu atrakcyjnych stron internetowych i rozwijaniu Twoich mo\u017cliwo\u015bci.<\/p>\n\n\n\n<h2 class=\"wp-block-heading\">Co m\u00f3wi\u0105 nam statystyki<\/h2>\n\n\n\n<ul class=\"wp-block-list\">\n<li class=\"has-medium-font-size\">59% \u015bwiatowej populacji jest online<\/li>\n\n\n\n<li class=\"has-medium-font-size\">Na \u015bwiecie istnieje 1,9 mld stron internetowych<\/li>\n\n\n\n<li class=\"has-medium-font-size\">43.25% wszystkich internetowych stron zbudowanych jest na WordPressie<\/li>\n\n\n\n<li class=\"has-medium-font-size\">20,4% stron www korzysta ze skryptu sklepu internetowego WooCommerce<\/li>\n<\/ul>\n\n\n\n<p><\/p>\n\n\n\n<p><\/p>\n\n\n\n<h2 class=\"wp-block-heading\">Skontaktuj si\u0119 z nami!<\/h2>\n\n\n\n<p class=\"has-large-font-size\">mail: <strong><a href=\"mailto:hello@wp-support.one\" target=\"_blank\" rel=\"noreferrer noopener\">hello@wp-support.one<\/a><\/strong> lub telefon: <strong><a href=\"tel:+48690500962\" target=\"_blank\" rel=\"noreferrer noopener\">+48 690 500 962<\/a><\/strong><style>\/*! elementor - v3.17.0 - 01-11-2023 *\/&amp;amp;amp;lt;br \/>&amp;amp;lt;br>.elementor-column .elementor-spacer-inner{height:var(--spacer-size)}.e-con{--container-widget-width:100%}.e-con-inner>.elementor-widget-spacer,.e-con>.elementor-widget-spacer{width:var(--container-widget-width,var(--spacer-size));--align-self:var(--container-widget-align-self,initial);--flex-shrink:0}.e-con-inner>.elementor-widget-spacer>.elementor-widget-container,.e-con>.elementor-widget-spacer>.elementor-widget-container{height:100%;width:100%}.e-con-inner>.elementor-widget-spacer>.elementor-widget-container>.elementor-spacer,.e-con>.elementor-widget-spacer>.elementor-widget-container>.elementor-spacer{height:100%}.e-con-inner>.elementor-widget-spacer>.elementor-widget-container>.elementor-spacer>.elementor-spacer-inner,.e-con>.elementor-widget-spacer>.elementor-widget-container>.elementor-spacer>.elementor-spacer-inner{height:var(--container-widget-height,var(--spacer-size))}.e-con-inner>.elementor-widget-spacer.elementor-widget-empty,.e-con>.elementor-widget-spacer.elementor-widget-empty{position:relative;min-height:22px;min-width:22px}.e-con-inner>.elementor-widget-spacer.elementor-widget-empty .elementor-widget-empty-icon,.e-con>.elementor-widget-spacer.elementor-widget-empty .elementor-widget-empty-icon{position:absolute;top:0;bottom:0;left:0;right:0;margin:auto;padding:0;width:22px;height:22px}<\/style><\/p>\n\n\n\n<p><\/p>\n","protected":false},"excerpt":{"rendered":"<p>Wsparcie WordPress Zoptymalizuj zadania administracyjne, zasoby oraz bud\u017cet za pomoc\u0105 naszych plan\u00f3w i us\u0142ug wsparcia Oszcz\u0119dzaj czas i zyskaj wi\u0119cej mo\u017cliwo\u015bci Zbuduj now\u0105 stron\u0119 dla siebie lub swojej firmy. Uruchom sw\u00f3j w\u0142asny sklep internetowy. Wykorzystaj nasz\u0105 wiedz\u0119 i do\u015bwiadczenie, a sam zajmij si\u0119 wy\u0142\u0105cznie tym co sprawia Ci przyjemno\u015b\u0107.&nbsp; Rozwijaj si\u0119 My zajmiemy si\u0119 pe\u0142n\u0105 [&hellip;]<\/p>\n","protected":false},"author":1,"featured_media":0,"parent":0,"menu_order":0,"comment_status":"closed","ping_status":"closed","template":"","meta":{"footnotes":""},"class_list":["post-516","page","type-page","status-publish","hentry"],"blocksy_meta":{"has_hero_section":"disabled","styles_descriptor":{"styles":{"desktop":"[data-prefix=\"single_page\"] [class*=\"ct-container\"] > article[class*=\"post\"] {--has-boxed:var(--false);--has-wide:var(--true);}","tablet":"","mobile":""},"google_fonts":[],"version":6},"page_structure_type":"type-4","content_style_source":"custom","content_style":{"desktop":"wide","tablet":"wide","mobile":"wide","__changed":["mobile"]},"vertical_spacing_source":"inherit","content_area_spacing":"none","disable_featured_image":"yes","disable_share_box":"yes"},"_links":{"self":[{"href":"https:\/\/wp-support.one\/pl\/wp-json\/wp\/v2\/pages\/516","targetHints":{"allow":["GET"]}}],"collection":[{"href":"https:\/\/wp-support.one\/pl\/wp-json\/wp\/v2\/pages"}],"about":[{"href":"https:\/\/wp-support.one\/pl\/wp-json\/wp\/v2\/types\/page"}],"author":[{"embeddable":true,"href":"https:\/\/wp-support.one\/pl\/wp-json\/wp\/v2\/users\/1"}],"replies":[{"embeddable":true,"href":"https:\/\/wp-support.one\/pl\/wp-json\/wp\/v2\/comments?post=516"}],"version-history":[{"count":0,"href":"https:\/\/wp-support.one\/pl\/wp-json\/wp\/v2\/pages\/516\/revisions"}],"wp:attachment":[{"href":"https:\/\/wp-support.one\/pl\/wp-json\/wp\/v2\/media?parent=516"}],"curies":[{"name":"wp","href":"https:\/\/api.w.org\/{rel}","templated":true}]}}